{"id":945,"date":"2023-07-17T14:19:48","date_gmt":"2023-07-17T12:19:48","guid":{"rendered":"https:\/\/www.lebiau.fr\/?page_id=945"},"modified":"2023-08-26T14:47:36","modified_gmt":"2023-08-26T12:47:36","slug":"activites","status":"publish","type":"page","link":"https:\/\/www.lebiau.fr\/index.php\/activites\/","title":{"rendered":"Activit\u00e9s"},"content":{"rendered":"\n<div class=\"wp-block-uagb-container uagb-block-f4c50b8f alignfull uagb-is-root-container\">\n<p><\/p>\n\n\n\n<div class=\"wp-block-uagb-advanced-heading uagb-block-495ce321\"><h1 class=\"uagb-heading-text\">Activit\u00e9s <\/h1><\/div>\n<\/div>\n\n\n\n<div class=\"wp-block-uagb-container uagb-block-44caf77a alignfull uagb-is-root-container\"><div class=\"uagb-container-inner-blocks-wrap\">\n<div class=\"wp-block-uagb-container uagb-block-54f48e77\">\n<div class=\"wp-block-uagb-info-box uagb-block-3fd7607f uagb-infobox__content-wrap  uagb-infobox-icon-above-title uagb-infobox-image-valign-top\"><div class=\"uagb-ifb-content\"><div class=\"uagb-ifb-title-wrap\"><h2 class=\"uagb-ifb-title\">Bapt\u00eame en ULM<\/h2><\/div><p class=\"uagb-ifb-desc\">Le g\u00eete dispose d&#8217;une piste d&#8217;ULM.<br>Fr\u00e9d\u00e9ric, le propri\u00e9taire est pilote d&#8217;ULM et \u00e7a tombe bien ! Il vous propose de faire votre bapt\u00eame en ULM \u00e0 l&#8217;occasion de votre s\u00e9jour.<br>Sous r\u00e9serve des conditions climatiques.<\/p><div class=\"uagb-ifb-button-wrapper wp-block-button\"><a href=\"https:\/\/www.lebiau.fr\/index.php\/contact\/\" class=\"uagb-infobox-cta-link wp-block-button__link\" target=\"_self\" rel=\"noopener noreferrer\" onclick=\"return true;\" alt=\"\"><span class=\"uagb-inline-editing\">\u00e7a me tente !<\/span><\/a><\/div><\/div><\/div>\n\n\n\n<p><\/p>\n<\/div>\n\n\n\n<div class=\"wp-block-uagb-container uagb-block-481d8240\">\n<figure class=\"wp-block-image size-large\"><img decoding=\"async\" width=\"1024\" height=\"768\" src=\"https:\/\/www.lebiau.fr\/wp-content\/uploads\/2023\/08\/IMG_3151-1024x768.jpeg\" alt=\"\" class=\"wp-image-1129\" srcset=\"https:\/\/www.lebiau.fr\/wp-content\/uploads\/2023\/08\/IMG_3151-1024x768.jpeg 1024w, https:\/\/www.lebiau.fr\/wp-content\/uploads\/2023\/08\/IMG_3151-300x225.jpeg 300w, https:\/\/www.lebiau.fr\/wp-content\/uploads\/2023\/08\/IMG_3151-768x576.jpeg 768w, https:\/\/www.lebiau.fr\/wp-content\/uploads\/2023\/08\/IMG_3151-1536x1152.jpeg 1536w, https:\/\/www.lebiau.fr\/wp-content\/uploads\/2023\/08\/IMG_3151-2048x1536.jpeg 2048w\" sizes=\"(max-width: 1024px) 100vw, 1024px\" \/><\/figure>\n<\/div>\n<\/div><\/div>\n\n\n\n<div class=\"wp-block-uagb-container uagb-block-7ffa950e alignfull uagb-is-root-container\"><div class=\"uagb-container-inner-blocks-wrap\">\n<div class=\"wp-block-uagb-container uagb-block-033653c0\">\n<div class=\"wp-block-uagb-image uagb-block-de39f0b5 wp-block-uagb-image--layout-default wp-block-uagb-image--effect-static wp-block-uagb-image--align-none\"><figure class=\"wp-block-uagb-image__figure\"><img decoding=\"async\" srcset=\"https:\/\/www.lebiau.fr\/wp-content\/uploads\/2023\/08\/massage-therapy-1612308_1280-1-1024x682.jpg , https:\/\/www.lebiau.fr\/wp-content\/uploads\/2023\/08\/massage-therapy-1612308_1280-1-1024x682.jpg 360w\" sizes=\"auto, (max-width: 480px) 150px\" src=\"https:\/\/www.lebiau.fr\/wp-content\/uploads\/2023\/08\/massage-therapy-1612308_1280-1-1024x682.jpg\" alt=\"\" class=\"uag-image-1162\" width=\"1024\" height=\"682\" title=\"\" loading=\"lazy\"\/><\/figure><\/div>\n<\/div>\n\n\n\n<div class=\"wp-block-uagb-container uagb-block-a414f590\">\n<div class=\"wp-block-uagb-info-box uagb-block-9eeceac9 uagb-infobox__content-wrap  uagb-infobox-icon-above-title uagb-infobox-image-valign-top\"><div class=\"uagb-ifb-content\"><div class=\"uagb-ifb-title-wrap\"><h2 class=\"uagb-ifb-title\">Massage \u00e0 domicile<\/h2><\/div><p class=\"uagb-ifb-desc\">Envie de vivre un moment de d\u00e9tente ? Profitez des vacances pour prendre soin de vous. Nous travaillons avec une masseuse dipl\u00f4m\u00e9e qui fera des merveilles \u00e0 des prix d\u00e9fiants toutes concurrences. Elle peut venir directement sur place au g\u00eete. N&#8217;h\u00e9sitez pas \u00e0 nous demander ses coordonn\u00e9es afin que l&#8217;on vous mette en relation.<br><br>Sous r\u00e9serve de disponibilit\u00e9s.<\/p><div class=\"uagb-ifb-button-wrapper wp-block-button\"><a href=\"https:\/\/www.lebiau.fr\/index.php\/contact\/\" class=\"uagb-infobox-cta-link wp-block-button__link\" target=\"_self\" rel=\"noopener noreferrer\" onclick=\"return true;\" alt=\"\"><span class=\"uagb-inline-editing\">option massage accept\u00e9e !<\/span><\/a><\/div><\/div><\/div>\n\n\n\n<p><\/p>\n<\/div>\n<\/div><\/div>\n\n\n\n<div class=\"wp-block-uagb-container uagb-block-5e0516a8 alignfull uagb-is-root-container\"><div class=\"uagb-container-inner-blocks-wrap\">\n<div class=\"wp-block-uagb-container uagb-block-b215326a\">\n<div class=\"wp-block-uagb-info-box uagb-block-b1589058 uagb-infobox__content-wrap  uagb-infobox-icon-above-title uagb-infobox-image-valign-top\"><div class=\"uagb-ifb-content\"><div class=\"uagb-ifb-title-wrap\"><h2 class=\"uagb-ifb-title\">D\u00e9gustation Armagnac<\/h2><\/div><p class=\"uagb-ifb-desc\">Vous avez envie d&#8217;en savoir plus sur notre belle r\u00e9gion et ce noble Spiritueux qu&#8217;est l&#8217;Armagnac. Nous vous proposons d&#8217;organiser directement au g\u00eete une Masterclass sur l&#8217;Armagnac, anim\u00e9e par les experts de la maison L&#8217;Encantada. Cette animation sera suivie d&#8217;une d\u00e9gustation.<\/p><div class=\"uagb-ifb-button-wrapper wp-block-button\"><a href=\"\/\/www.lebiau.fr\/index.php\/contact\/\" class=\"uagb-infobox-cta-link wp-block-button__link\" target=\"_self\" rel=\"noopener noreferrer\" onclick=\"return true;\" alt=\"\"><span class=\"uagb-inline-editing\">je veux ma masterclass<\/span><\/a><\/div><\/div><\/div>\n<\/div>\n\n\n\n<div class=\"wp-block-uagb-container uagb-block-3c018c16\">\n<div class=\"wp-block-uagb-image uagb-block-31ade0f0 wp-block-uagb-image--layout-default wp-block-uagb-image--effect-static wp-block-uagb-image--align-none\"><figure class=\"wp-block-uagb-image__figure\"><img decoding=\"async\" srcset=\"https:\/\/www.lebiau.fr\/wp-content\/uploads\/2023\/08\/Distillation-LEncantada-6-1024x682.jpg \" sizes=\"auto, (max-width: 480px) 150px\" src=\"https:\/\/www.lebiau.fr\/wp-content\/uploads\/2023\/08\/Distillation-LEncantada-6-1024x682.jpg\" alt=\"\" class=\"uag-image-1023\" width=\"1024\" height=\"682\" title=\"\" loading=\"lazy\"\/><\/figure><\/div>\n<\/div>\n<\/div><\/div>\n\n\n\n<div class=\"wp-block-uagb-container uagb-block-c0a24264 alignfull uagb-is-root-container\"><div class=\"uagb-container-inner-blocks-wrap\">\n<div class=\"wp-block-uagb-container uagb-block-7dd8d237\">\n<div class=\"wp-block-uagb-image uagb-block-c2cea2d5 wp-block-uagb-image--layout-default wp-block-uagb-image--effect-static wp-block-uagb-image--align-none\"><figure class=\"wp-block-uagb-image__figure\"><img decoding=\"async\" srcset=\"https:\/\/www.lebiau.fr\/wp-content\/uploads\/2023\/08\/IMG_4512-1024x768.jpg , https:\/\/www.lebiau.fr\/wp-content\/uploads\/2023\/08\/IMG_4512-1024x768.jpg 360w\" sizes=\"auto, (max-width: 480px) 150px\" src=\"https:\/\/www.lebiau.fr\/wp-content\/uploads\/2023\/08\/IMG_4512-1024x768.jpg\" alt=\"\" class=\"uag-image-1205\" width=\"1024\" height=\"768\" title=\"\" loading=\"lazy\"\/><\/figure><\/div>\n<\/div>\n\n\n\n<div class=\"wp-block-uagb-container uagb-block-a442d208\">\n<div class=\"wp-block-uagb-info-box uagb-block-3548ce22 uagb-infobox__content-wrap  uagb-infobox-icon-above-title uagb-infobox-image-valign-top\"><div class=\"uagb-ifb-content\"><div class=\"uagb-ifb-title-wrap\"><h2 class=\"uagb-ifb-title\">Mus\u00e9e d&#8217;Artagnan<\/h2><\/div><p class=\"uagb-ifb-desc\">Le Mus\u00e9e d&#8217;Artagnan de Lupiac invite \u00e0 une plong\u00e9e dans le Grand Si\u00e8cle aux c\u00f4t\u00e9s des Mousquetaires et de d&#8217;Artagnan. <br>Venez d\u00e9couvrir la vie du vrai d&#8217;Artagnan, celui qui quitta Lupiac, son village, vers 1630 pour devenir Capitaine des Mousquetaires, homme de confiance de Louis XIV et plus tard&#8230; <br>De nombreux documents et des reproductions d&#8217;\u0153uvres \u00e9voquant l&#8217;histoire r\u00e9elle de d&#8217;Artagnan ainsi que son histoire<\/p><div class=\"uagb-ifb-button-wrapper wp-block-button\"><a href=\"https:\/\/www.lupiac.fr\/lupiac#dartagnan-musee\" class=\"uagb-infobox-cta-link wp-block-button__link\" target=\"_self\" rel=\"noopener noreferrer\" onclick=\"return true;\" alt=\"\"><span class=\"uagb-inline-editing\">cela m&#8217;intereSse<\/span><\/a><\/div><\/div><\/div>\n\n\n\n<p><\/p>\n<\/div>\n<\/div><\/div>\n\n\n\n<div class=\"wp-block-uagb-container uagb-block-d9197bea alignfull uagb-is-root-container\"><div class=\"uagb-container-inner-blocks-wrap\">\n<div class=\"wp-block-uagb-container uagb-block-561e14ef\">\n<div class=\"wp-block-uagb-info-box uagb-block-b1589058 uagb-infobox__content-wrap  uagb-infobox-icon-above-title uagb-infobox-image-valign-top\">\n<div class=\"uagb-ifb-content\">\n<div class=\"uagb-ifb-title-wrap\">\n<h2 class=\"uagb-ifb-title\">Kangourou Parc<\/h2>\n<\/div>\n<p class=\"uagb-ifb-desc\">Vivez l&#8217;Australie au coeur du Gers. Les kangourous n&#8217;auront plus aucun secret ni pour les petits, ni pour les grands !<\/p>\n<p>Venez d\u00e9couvrir cet incroyable endroit qu&#8217;est le &#8220;Wallaby de Bennett&#8217;on&#8221;<\/p>\n<div class=\"uagb-ifb-button-wrapper wp-block-button\"><a class=\"uagb-infobox-cta-link wp-block-button__link\" href=\"https:\/\/www.wallaby-de-bennetton.fr\/\" target=\"_self\" rel=\"noopener noreferrer\"><span class=\"uagb-inline-editing\">je veux d\u00e9couvrir ce lieu<\/span><\/a><\/div>\n<\/div>\n<\/div>\n<\/div>\n\n\n\n<div class=\"wp-block-uagb-container uagb-block-3d0b7198\">\n<div class=\"wp-block-uagb-image uagb-block-5e0fe498 wp-block-uagb-image--layout-default wp-block-uagb-image--effect-static wp-block-uagb-image--align-none\"><figure class=\"wp-block-uagb-image__figure\"><a class=\"\" href=\"https:\/\/www.wallaby-de-bennetton.fr\/\" target=\"\" rel=\"noopener\"><img decoding=\"async\" srcset=\"https:\/\/www.lebiau.fr\/wp-content\/uploads\/2023\/08\/1688971352036-wallabies-benetton-kangourous-2.jpg , https:\/\/www.lebiau.fr\/wp-content\/uploads\/2023\/08\/1688971352036-wallabies-benetton-kangourous-2.jpg 360w\" sizes=\"auto, (max-width: 480px) 150px\" src=\"https:\/\/www.lebiau.fr\/wp-content\/uploads\/2023\/08\/1688971352036-wallabies-benetton-kangourous-2.jpg\" alt=\"\" class=\"uag-image-1209\" width=\"750\" height=\"420\" title=\"\" loading=\"lazy\"\/><\/a><\/figure><\/div>\n<\/div>\n<\/div><\/div>\n\n\n\n<div class=\"wp-block-uagb-container uagb-block-d708af02 alignfull uagb-is-root-container\"><div class=\"uagb-container-inner-blocks-wrap\">\n<div class=\"wp-block-uagb-container uagb-block-8f0cea36\">\n<div class=\"wp-block-uagb-image uagb-block-210e1d3f wp-block-uagb-image--layout-default wp-block-uagb-image--effect-static wp-block-uagb-image--align-none\"><figure class=\"wp-block-uagb-image__figure\"><a class=\"\" href=\"https:\/\/www.parc-aventure-32.fr\/\" target=\"\" rel=\"noopener\"><img decoding=\"async\" srcset=\"https:\/\/www.lebiau.fr\/wp-content\/uploads\/2023\/08\/accrobranche-1-1024x768.jpg , https:\/\/www.lebiau.fr\/wp-content\/uploads\/2023\/08\/accrobranche-1-1024x768.jpg 360w\" sizes=\"auto, (max-width: 480px) 150px\" src=\"https:\/\/www.lebiau.fr\/wp-content\/uploads\/2023\/08\/accrobranche-1-1024x768.jpg\" alt=\"\" class=\"uag-image-1235\" width=\"1019\" height=\"764\" title=\"\" loading=\"lazy\"\/><\/a><\/figure><\/div>\n<\/div>\n\n\n\n<div class=\"wp-block-uagb-container uagb-block-c4fcb0a2\">\n<div class=\"wp-block-uagb-info-box uagb-block-6fcf20a9 uagb-infobox__content-wrap  uagb-infobox-icon-above-title uagb-infobox-image-valign-top\"><div class=\"uagb-ifb-content\"><div class=\"uagb-ifb-title-wrap\"><h2 class=\"uagb-ifb-title\">Parc Accrobranche Gers<\/h2><\/div><p class=\"uagb-ifb-desc\">Envie de sport, d&#8217;\u00e9vasion ?<br>Que vous soyez d\u00e9butant ou exp\u00e9riment\u00e9, ce parc d&#8217;aventures est fait pour vous.<br>Replongez dans votre enfance et venez grimper aux sommets des arbres centenaires ! <br><strong>* Sensations garanties *<br><\/strong>Accessible uniquement \u00e0 partir de 3 ans.<\/p><div class=\"uagb-ifb-button-wrapper wp-block-button\"><a href=\"https:\/\/www.parc-aventure-32.fr\/\" class=\"uagb-infobox-cta-link wp-block-button__link\" target=\"_self\" rel=\"noopener noreferrer\" onclick=\"return true;\" alt=\"\"><span class=\"uagb-inline-editing\">J&#8217;Y VAIS<\/span><\/a><\/div><\/div><\/div>\n\n\n\n<p><\/p>\n<\/div>\n<\/div><\/div>\n\n\n\n<div class=\"wp-block-uagb-container uagb-block-cfddc4cb alignfull uagb-is-root-container\"><div class=\"uagb-container-inner-blocks-wrap\">\n<div class=\"wp-block-uagb-container uagb-block-063bffa4\">\n<div class=\"wp-block-uagb-info-box uagb-block-e0bf0fba uagb-infobox__content-wrap  uagb-infobox-icon-above-title uagb-infobox-image-valign-top\"><div class=\"uagb-ifb-content\"><div class=\"uagb-ifb-title-wrap\"><h2 class=\"uagb-ifb-title\">Woody Loisirs<\/h2><\/div><p class=\"uagb-ifb-desc\">Escape game, paintball, cano\u00e9 ou encore stand up Paddle ?<br>Vous aurez l&#8217;embarras du choix. Venez passer un moment inoubliable au coeur d&#8217;une des plus remarquables for\u00eats du Gers.<br>Accessible \u00e0 partir de 6 ans, selon les activit\u00e9s.<\/p><div class=\"uagb-ifb-button-wrapper wp-block-button\"><a href=\"https:\/\/www.woodyloisirs.com\/\" class=\"uagb-infobox-cta-link wp-block-button__link\" target=\"_self\" rel=\"noopener noreferrer\" onclick=\"return true;\" alt=\"\"><span class=\"uagb-inline-editing\">\u00e7a me tente !<\/span><\/a><\/div><\/div><\/div>\n\n\n\n<p><\/p>\n<\/div>\n\n\n\n<div class=\"wp-block-uagb-container uagb-block-cc9940dc\">\n<figure class=\"wp-block-image size-full is-resized\"><a href=\"https:\/\/www.woodyloisirs.com\/\"><img decoding=\"async\" src=\"https:\/\/www.lebiau.fr\/wp-content\/uploads\/2023\/08\/710268_paddle_sur_le_lac_aignan__woody_loisirs.jpg\" alt=\"\" class=\"wp-image-1217\" style=\"width:479px;height:359px\" width=\"479\" height=\"359\" srcset=\"https:\/\/www.lebiau.fr\/wp-content\/uploads\/2023\/08\/710268_paddle_sur_le_lac_aignan__woody_loisirs.jpg 960w, https:\/\/www.lebiau.fr\/wp-content\/uploads\/2023\/08\/710268_paddle_sur_le_lac_aignan__woody_loisirs-300x225.jpg 300w, https:\/\/www.lebiau.fr\/wp-content\/uploads\/2023\/08\/710268_paddle_sur_le_lac_aignan__woody_loisirs-768x576.jpg 768w\" sizes=\"(max-width: 479px) 100vw, 479px\" \/><\/a><\/figure>\n<\/div>\n<\/div><\/div>\n\n\n\n<div class=\"wp-block-uagb-container uagb-block-559b2529 alignfull uagb-is-root-container\"><div class=\"uagb-container-inner-blocks-wrap\">\n<div class=\"wp-block-uagb-container uagb-block-b88dda90\">\n<div class=\"wp-block-uagb-image uagb-block-245e5cd6 wp-block-uagb-image--layout-default wp-block-uagb-image--effect-static wp-block-uagb-image--align-none\"><figure class=\"wp-block-uagb-image__figure\"><a class=\"\" href=\"https:\/\/www.foie-gras-ramajo.com\/\" target=\"\" rel=\"noopener\"><img decoding=\"async\" srcset=\"https:\/\/www.lebiau.fr\/wp-content\/uploads\/2023\/08\/1517579821-1024x683.jpg , https:\/\/www.lebiau.fr\/wp-content\/uploads\/2023\/08\/1517579821-1-1024x683.jpg 360w\" sizes=\"auto, (max-width: 480px) 150px\" src=\"https:\/\/www.lebiau.fr\/wp-content\/uploads\/2023\/08\/1517579821-1024x683.jpg\" alt=\"\" class=\"uag-image-1224\" width=\"1019\" height=\"679\" title=\"\" loading=\"lazy\"\/><\/a><\/figure><\/div>\n<\/div>\n\n\n\n<div class=\"wp-block-uagb-container uagb-block-653d3e48\">\n<div class=\"wp-block-uagb-info-box uagb-block-61dbf10f uagb-infobox__content-wrap  uagb-infobox-icon-above-title uagb-infobox-image-valign-top\"><div class=\"uagb-ifb-content\"><div class=\"uagb-ifb-title-wrap\"><h2 class=\"uagb-ifb-title\">Maison Ramajo<\/h2><\/div><p class=\"uagb-ifb-desc\">Envie d&#8217;en savoir plus sur la gastronomie et le savoir faire local ?<br>Venez \u00e0 la d\u00e9couverte de la maison Ramajo en vous baladant au c\u0153ur de leur ferme pour d\u00e9couvrir les coulisses de l\u2019\u00e9levage d&#8217;oies et de canards et leur cuisine en conserverie dans la pure tradition gasconne.&nbsp; D\u00e9gustez un excellent foie gras du Gers !<\/p><div class=\"uagb-ifb-button-wrapper wp-block-button\"><a href=\"https:\/\/www.foie-gras-ramajo.com\/\" class=\"uagb-infobox-cta-link wp-block-button__link\" target=\"_self\" rel=\"noopener noreferrer\" onclick=\"return true;\" alt=\"\"><span class=\"uagb-inline-editing\">d\u00e9couvrir la maison ramajo<\/span><\/a><\/div><\/div><\/div>\n\n\n\n<p><\/p>\n<\/div>\n<\/div><\/div>\n\n\n\n<p class=\"has-small-font-size\" style=\"padding-top:var(--wp--preset--spacing--20);padding-right:var(--wp--preset--spacing--20);padding-bottom:var(--wp--preset--spacing--20);padding-left:var(--wp--preset--spacing--20)\">Cette liste d&#8217;activit\u00e9s en option est non exhaustive, nous restons \u00e0 l&#8217;\u00e9coute de tous vos besoins, quels qu&#8217;ils soient&#8230; pour les satisfaire avec les meilleurs prestataires locaux.<\/p>\n","protected":false},"excerpt":{"rendered":"<p>Activit\u00e9s Kangourou Parc Vivez l&#8217;Australie au coeur du Gers. Les kangourous n&#8217;auront plus aucun secret ni pour les petits, ni pour les grands ! Venez d\u00e9couvrir cet incroyable endroit qu&#8217;est le &#8220;Wallaby de Bennett&#8217;on&#8221; je veux d\u00e9couvrir ce lieu Cette liste d&#8217;activit\u00e9s en option est non exhaustive, nous restons \u00e0 l&#8217;\u00e9coute de tous vos besoins, &hellip;<\/p>\n<p class=\"read-more\"> <a class=\"\" href=\"https:\/\/www.lebiau.fr\/index.php\/activites\/\"> <span class=\"screen-reader-text\">Activit\u00e9s<\/span> Lire la suite\u00a0\u00bb<\/a><\/p>\n","protected":false},"author":1,"featured_media":0,"parent":0,"menu_order":0,"comment_status":"closed","ping_status":"closed","template":"","meta":{"om_disable_all_campaigns":false,"_uag_custom_page_level_css":"","_monsterinsights_skip_tracking":false,"_monsterinsights_sitenote_active":false,"_monsterinsights_sitenote_note":"","_monsterinsights_sitenote_category":0,"site-sidebar-layout":"no-sidebar","site-content-layout":"plain-container","ast-global-header-display":"","ast-banner-title-visibility":"","ast-main-header-display":"","ast-hfb-above-header-display":"","ast-hfb-below-header-display":"","ast-hfb-mobile-header-display":"","site-post-title":"disabled","ast-breadcrumbs-content":"","ast-featured-img":"disabled","footer-sml-layout":"","theme-transparent-header-meta":"enabled","adv-header-id-meta":"","stick-header-meta":"","header-above-stick-meta":"","header-main-stick-meta":"","header-below-stick-meta":"","footnotes":""},"class_list":["post-945","page","type-page","status-publish","hentry"],"aioseo_notices":[],"uagb_featured_image_src":{"full":false,"thumbnail":false,"medium":false,"medium_large":false,"large":false,"1536x1536":false,"2048x2048":false},"uagb_author_info":{"display_name":"admin5329","author_link":"https:\/\/www.lebiau.fr\/index.php\/author\/admin5329\/"},"uagb_comment_info":0,"uagb_excerpt":"Activit\u00e9s Kangourou Parc Vivez l&#8217;Australie au coeur du Gers. Les kangourous n&#8217;auront plus aucun secret ni pour les petits, ni pour les grands ! Venez d\u00e9couvrir cet incroyable endroit qu&#8217;est le &#8220;Wallaby de Bennett&#8217;on&#8221; je veux d\u00e9couvrir ce lieu Cette liste d&#8217;activit\u00e9s en option est non exhaustive, nous restons \u00e0 l&#8217;\u00e9coute de tous vos besoins,\u2026","_links":{"self":[{"href":"https:\/\/www.lebiau.fr\/index.php\/wp-json\/wp\/v2\/pages\/945","targetHints":{"allow":["GET"]}}],"collection":[{"href":"https:\/\/www.lebiau.fr\/index.php\/wp-json\/wp\/v2\/pages"}],"about":[{"href":"https:\/\/www.lebiau.fr\/index.php\/wp-json\/wp\/v2\/types\/page"}],"author":[{"embeddable":true,"href":"https:\/\/www.lebiau.fr\/index.php\/wp-json\/wp\/v2\/users\/1"}],"replies":[{"embeddable":true,"href":"https:\/\/www.lebiau.fr\/index.php\/wp-json\/wp\/v2\/comments?post=945"}],"version-history":[{"count":32,"href":"https:\/\/www.lebiau.fr\/index.php\/wp-json\/wp\/v2\/pages\/945\/revisions"}],"predecessor-version":[{"id":1237,"href":"https:\/\/www.lebiau.fr\/index.php\/wp-json\/wp\/v2\/pages\/945\/revisions\/1237"}],"wp:attachment":[{"href":"https:\/\/www.lebiau.fr\/index.php\/wp-json\/wp\/v2\/media?parent=945"}],"curies":[{"name":"wp","href":"https:\/\/api.w.org\/{rel}","templated":true}]}}