{"id":217,"date":"2020-05-12T03:43:03","date_gmt":"2020-05-12T01:43:03","guid":{"rendered":"https:\/\/www.lebiau.fr\/index.php\/home\/"},"modified":"2025-09-13T17:30:22","modified_gmt":"2025-09-13T15:30:22","slug":"home","status":"publish","type":"page","link":"https:\/\/www.lebiau.fr\/","title":{"rendered":"Accueil"},"content":{"rendered":"\n<div data-aos= \"fade-down\" data-aos-duration=\"400\" data-aos-delay=\"0\" data-aos-easing=\"ease\" data-aos-once=\"true\" class=\"wp-block-uagb-container uagb-block-63d6fd5d alignfull uagb-is-root-container\">\n<div data-aos= \"flip-right\" data-aos-duration=\"400\" data-aos-delay=\"0\" data-aos-easing=\"ease\" data-aos-once=\"true\" class=\"wp-block-uagb-info-box uagb-block-7c696088 uagb-infobox__content-wrap  uagb-infobox-icon-above-title uagb-infobox-image-valign-top\"><div class=\"uagb-ifb-content\"><div class=\"uagb-ifb-title-wrap\"><span class=\"uagb-ifb-title-prefix\">Cosy &amp; Nature<\/span><h1 class=\"uagb-ifb-title\">G\u00eete Le Biau<\/h1><\/div><p class=\"uagb-ifb-desc\">G\u00eete Premium situ\u00e9 au c\u0153ur de la Gascogne dans le Gers.<br>Capacit\u00e9 12 personnes.<\/p><\/div><\/div>\n\n\n\n<div class=\"wp-block-uagb-buttons uagb-buttons__outer-wrap uagb-btn__default-btn uagb-btn-tablet__default-btn uagb-btn-mobile__default-btn uagb-block-631df03d\"><div class=\"uagb-buttons__wrap uagb-buttons-layout-wrap\">\n<div class=\"wp-block-uagb-buttons-child uagb-buttons__outer-wrap uagb-block-7e90a9f3 wp-block-button\"><div class=\"uagb-button__wrapper\"><a class=\"uagb-buttons-repeater wp-block-button__link\" href=\"https:\/\/www.lebiau.fr\/index.php\/visite-virtuelle-gite\/\" onclick=\"return true;\" rel=\"follow noopener\" target=\"_blank\"><div class=\"uagb-button__link\">visite virtuelle<\/div><\/a><\/div><\/div>\n\n\n\n<div class=\"wp-block-uagb-buttons-child uagb-buttons__outer-wrap uagb-block-92a4914d wp-block-button\"><div class=\"uagb-button__wrapper\"><a class=\"uagb-buttons-repeater wp-block-button__link\" href=\"https:\/\/www.lebiau.fr\/index.php\/services\/\" onclick=\"return true;\" rel=\"follow noopener\" target=\"_self\"><div class=\"uagb-button__link\">services premium<\/div><\/a><\/div><\/div>\n<\/div><\/div>\n<\/div>\n\n\n\n<div class=\"wp-block-uagb-container uagb-block-a59ab286 alignfull uagb-is-root-container\"><div class=\"uagb-container-inner-blocks-wrap\">\n<div class=\"wp-block-uagb-container uagb-block-83f78ef9\">\n<div class=\"wp-block-uagb-advanced-heading uagb-block-bb115880\"><h2 class=\"uagb-heading-text\">Un v\u00e9ritable paradis champ\u00eatre<\/h2><\/div>\n<\/div>\n\n\n\n<div class=\"wp-block-uagb-container uagb-block-25637ad8\">\n<div class=\"wp-block-uagb-advanced-heading uagb-block-f040c20b\"><p class=\"uagb-desc-text\">Cette magnifique maison de vacances de 560m\u00b2, enti\u00e8rement r\u00e9nov\u00e9e, vous offre une exp\u00e9rience d\u2019exception&nbsp;!<br>D\u00e8s que vous franchirez les portes de cette demeure, vous serez imm\u00e9diatement s\u00e9duit par son charme et son raffinement. Les espaces de vie spacieux et \u00e9l\u00e9gamment d\u00e9cor\u00e9s vous invitent \u00e0 vous d\u00e9tendre et \u00e0 profiter de moments pr\u00e9cieux en famille ou entre amis.<br>Nouveaut\u00e9s 2024 : Un bras\u00e9ro, un canap\u00e9 d&#8217;ext\u00e9rieur et un baby foot !<\/p><\/div>\n\n\n\n<div class=\"wp-block-uagb-buttons uagb-buttons__outer-wrap uagb-btn__default-btn uagb-btn-tablet__default-btn uagb-btn-mobile__default-btn uagb-block-54c08854\"><div class=\"uagb-buttons__wrap uagb-buttons-layout-wrap\">\n<div class=\"wp-block-uagb-buttons-child uagb-buttons__outer-wrap uagb-block-f436da20 wp-block-button\"><div class=\"uagb-button__wrapper\"><a class=\"uagb-buttons-repeater wp-block-button__link\" href=\"https:\/\/www.lebiau.fr\/index.php\/visite-virtuelle-gite\/\" onclick=\"return true;\" rel=\"follow noopener\" target=\"_blank\"><div class=\"uagb-button__link\">visite 360\u00b0<\/div><\/a><\/div><\/div>\n<\/div><\/div>\n<\/div>\n<\/div><\/div>\n\n\n\n<div data-aos= \"zoom-in-down\" data-aos-duration=\"400\" data-aos-delay=\"0\" data-aos-easing=\"ease\" data-aos-once=\"true\" class=\"wp-block-uagb-container uagb-block-6d7e0d2c alignfull uagb-is-root-container\"><div class=\"uagb-container-inner-blocks-wrap\">\n<div class=\"wp-block-uagb-container uagb-block-4830f0d4\">\n<div class=\"wp-block-uagb-container uagb-block-62c5acad\">\n<div class=\"wp-block-uagb-image uagb-block-97a2ccc7 wp-block-uagb-image--layout-overlay wp-block-uagb-image--effect-zoomin wp-block-uagb-image--align-none\"><figure class=\"wp-block-uagb-image__figure\"><img decoding=\"async\" srcset=\"https:\/\/www.lebiau.fr\/wp-content\/uploads\/2023\/08\/IMG_2993-1024x768.jpeg \" sizes=\"auto, (max-width: 480px) 150px\" src=\"https:\/\/www.lebiau.fr\/wp-content\/uploads\/2023\/08\/IMG_2993-1024x768.jpeg\" alt=\"\" class=\"uag-image-1103\" width=\"1024\" height=\"768\" title=\"\" loading=\"lazy\"\/><div class=\"wp-block-uagb-image--layout-overlay__color-wrapper\"><\/div><div class=\"wp-block-uagb-image--layout-overlay__inner center-center\"><a class=\"wp-block-uagb-image--layout-overlay-link \" href=\"\" target=\"\" rel=\"noopener\"><\/a><figcaption class=\"uagb-image-caption\">Piscine chauff\u00e9e de mai \u00e0 septembre<\/figcaption><\/div><\/figure><\/div>\n<\/div>\n\n\n\n<div class=\"wp-block-uagb-container uagb-block-8a62c344\">\n<div class=\"wp-block-uagb-image uagb-block-028c03ca wp-block-uagb-image--layout-overlay wp-block-uagb-image--effect-zoomin wp-block-uagb-image--align-none\"><figure class=\"wp-block-uagb-image__figure\"><img decoding=\"async\" srcset=\"https:\/\/www.lebiau.fr\/wp-content\/uploads\/2023\/08\/IMG_3002-1024x768.jpeg \" sizes=\"auto, (max-width: 480px) 150px\" src=\"https:\/\/www.lebiau.fr\/wp-content\/uploads\/2023\/08\/IMG_3002-1024x768.jpeg\" alt=\"\" class=\"uag-image-1181\" width=\"1024\" height=\"768\" title=\"\" loading=\"lazy\"\/><div class=\"wp-block-uagb-image--layout-overlay__color-wrapper\"><\/div><div class=\"wp-block-uagb-image--layout-overlay__inner center-center\"><a class=\"wp-block-uagb-image--layout-overlay-link \" href=\"\" target=\"\" rel=\"noopener\"><\/a><figcaption class=\"uagb-image-caption\">Une vue imprenable sur la Gascogne<\/figcaption><\/div><\/figure><\/div>\n<\/div>\n\n\n\n<div class=\"wp-block-uagb-container uagb-block-fa9d123e\">\n<div class=\"wp-block-uagb-image uagb-block-0e4ef509 wp-block-uagb-image--layout-overlay wp-block-uagb-image--effect-static wp-block-uagb-image--align-none\"><figure class=\"wp-block-uagb-image__figure\"><img decoding=\"async\" srcset=\"https:\/\/www.lebiau.fr\/wp-content\/uploads\/2025\/09\/thumbnail_IMG_3465-1024x768.jpg \" sizes=\"auto, (max-width: 480px) 150px\" src=\"https:\/\/www.lebiau.fr\/wp-content\/uploads\/2025\/09\/thumbnail_IMG_3465-1024x768.jpg\" alt=\"\" class=\"uag-image-1323\" width=\"1024\" height=\"768\" title=\"\" loading=\"lazy\"\/><div class=\"wp-block-uagb-image--layout-overlay__color-wrapper\"><\/div><div class=\"wp-block-uagb-image--layout-overlay__inner center-center\"><a class=\"wp-block-uagb-image--layout-overlay-link \" href=\"\" target=\"\" rel=\"noopener\"><\/a><figcaption class=\"uagb-image-caption\">G\u00eete adapt\u00e9 aux groupes et familles<\/figcaption><\/div><\/figure><\/div>\n<\/div>\n<\/div>\n\n\n\n<div class=\"wp-block-uagb-container uagb-block-6adbe6bd\">\n<div class=\"wp-block-uagb-container uagb-block-ca348000\">\n<div class=\"wp-block-uagb-image uagb-block-6e0f879f wp-block-uagb-image--layout-overlay wp-block-uagb-image--effect-zoomin wp-block-uagb-image--align-none\"><figure class=\"wp-block-uagb-image__figure\"><img decoding=\"async\" srcset=\"https:\/\/www.lebiau.fr\/wp-content\/uploads\/2025\/09\/mezzanine-le-biau-2-1024x768.jpg \" sizes=\"auto, (max-width: 480px) 150px\" src=\"https:\/\/www.lebiau.fr\/wp-content\/uploads\/2025\/09\/mezzanine-le-biau-2-1024x768.jpg\" alt=\"\" class=\"uag-image-1311\" width=\"1024\" height=\"768\" title=\"\" loading=\"lazy\"\/><div class=\"wp-block-uagb-image--layout-overlay__color-wrapper\"><\/div><div class=\"wp-block-uagb-image--layout-overlay__inner center-center\"><a class=\"wp-block-uagb-image--layout-overlay-link \" target=\"\" rel=\"noopener\"><\/a><figcaption class=\"uagb-image-caption\">Un espace mezzanine<\/figcaption><\/div><\/figure><\/div>\n<\/div>\n\n\n\n<div class=\"wp-block-uagb-container uagb-block-4ebd9745\">\n<div class=\"wp-block-uagb-image uagb-block-d012418e wp-block-uagb-image--layout-overlay wp-block-uagb-image--effect-zoomin wp-block-uagb-image--align-none\"><figure class=\"wp-block-uagb-image__figure\"><img decoding=\"async\" srcset=\"https:\/\/www.lebiau.fr\/wp-content\/uploads\/2025\/09\/terrasse-le-biau-4-1-1024x768.jpg \" sizes=\"auto, (max-width: 480px) 150px\" src=\"https:\/\/www.lebiau.fr\/wp-content\/uploads\/2025\/09\/terrasse-le-biau-4-1-1024x768.jpg\" alt=\"\" class=\"uag-image-1337\" width=\"1024\" height=\"768\" title=\"\" loading=\"lazy\"\/><div class=\"wp-block-uagb-image--layout-overlay__color-wrapper\"><\/div><div class=\"wp-block-uagb-image--layout-overlay__inner center-center\"><a class=\"wp-block-uagb-image--layout-overlay-link \" target=\"\" rel=\"noopener\"><\/a><figcaption class=\"uagb-image-caption\">Plusieurs terrasses<\/figcaption><\/div><\/figure><\/div>\n<\/div>\n\n\n\n<div class=\"wp-block-uagb-container uagb-block-c41f9441\">\n<div class=\"wp-block-uagb-image uagb-block-a72da1d8 wp-block-uagb-image--layout-overlay wp-block-uagb-image--effect-static wp-block-uagb-image--align-none\"><figure class=\"wp-block-uagb-image__figure\"><img decoding=\"async\" srcset=\"https:\/\/www.lebiau.fr\/wp-content\/uploads\/2023\/08\/IMG_3107-2-1024x768.jpeg \" sizes=\"auto, (max-width: 480px) 150px\" src=\"https:\/\/www.lebiau.fr\/wp-content\/uploads\/2023\/08\/IMG_3107-2-1024x768.jpeg\" alt=\"\" class=\"uag-image-1155\" width=\"1024\" height=\"768\" title=\"\" loading=\"lazy\"\/><div class=\"wp-block-uagb-image--layout-overlay__color-wrapper\"><\/div><div class=\"wp-block-uagb-image--layout-overlay__inner center-center\"><a class=\"wp-block-uagb-image--layout-overlay-link \" target=\"\" rel=\"noopener\"><\/a><figcaption class=\"uagb-image-caption\">Des chambres spacieuses<\/figcaption><\/div><\/figure><\/div>\n<\/div>\n<\/div>\n\n\n\n<div class=\"wp-block-uagb-container uagb-block-714ddab3\">\n<div class=\"wp-block-uagb-container uagb-block-d18ac84a\">\n<div class=\"wp-block-uagb-image uagb-block-072e3d7b wp-block-uagb-image--layout-overlay wp-block-uagb-image--effect-zoomin wp-block-uagb-image--align-none\"><figure class=\"wp-block-uagb-image__figure\"><img decoding=\"async\" srcset=\"https:\/\/www.lebiau.fr\/wp-content\/uploads\/2025\/01\/IMG_2843-1024x768.jpg \" sizes=\"auto, (max-width: 480px) 150px\" src=\"https:\/\/www.lebiau.fr\/wp-content\/uploads\/2025\/01\/IMG_2843-1024x768.jpg\" alt=\"\" class=\"uag-image-1301\" width=\"1024\" height=\"768\" title=\"\" loading=\"lazy\"\/><div class=\"wp-block-uagb-image--layout-overlay__color-wrapper\"><\/div><div class=\"wp-block-uagb-image--layout-overlay__inner center-center\"><a class=\"wp-block-uagb-image--layout-overlay-link \" href=\"\" target=\"\" rel=\"noopener\"><\/a><figcaption class=\"uagb-image-caption\">Grand salon avec \u00e9cran plat et po\u00eale central<\/figcaption><\/div><\/figure><\/div>\n<\/div>\n\n\n\n<div class=\"wp-block-uagb-container uagb-block-90fd0f25\">\n<div class=\"wp-block-uagb-image uagb-block-bb9c77f6 wp-block-uagb-image--layout-overlay wp-block-uagb-image--effect-zoomin wp-block-uagb-image--align-none\"><figure class=\"wp-block-uagb-image__figure\"><img decoding=\"async\" srcset=\"https:\/\/www.lebiau.fr\/wp-content\/uploads\/2024\/08\/thumbnail_IMG_2545-1024x768.jpg \" sizes=\"auto, (max-width: 480px) 150px\" src=\"https:\/\/www.lebiau.fr\/wp-content\/uploads\/2024\/08\/thumbnail_IMG_2545-1024x768.jpg\" alt=\"\" class=\"uag-image-1282\" width=\"1024\" height=\"768\" title=\"\" loading=\"lazy\"\/><div class=\"wp-block-uagb-image--layout-overlay__color-wrapper\"><\/div><div class=\"wp-block-uagb-image--layout-overlay__inner center-center\"><a class=\"wp-block-uagb-image--layout-overlay-link \" href=\"\" target=\"\" rel=\"noopener\"><\/a><figcaption class=\"uagb-image-caption\">Lieu de Paradis en Gascogne<\/figcaption><\/div><\/figure><\/div>\n<\/div>\n\n\n\n<div class=\"wp-block-uagb-container uagb-block-0b6d96fc\">\n<div class=\"wp-block-uagb-image uagb-block-6e536b94 wp-block-uagb-image--layout-overlay wp-block-uagb-image--effect-zoomin wp-block-uagb-image--align-none\"><figure class=\"wp-block-uagb-image__figure\"><img decoding=\"async\" srcset=\"https:\/\/www.lebiau.fr\/wp-content\/uploads\/2025\/09\/terrasse-le-biau-1024x783.jpg \" sizes=\"auto, (max-width: 480px) 150px\" src=\"https:\/\/www.lebiau.fr\/wp-content\/uploads\/2025\/09\/terrasse-le-biau-1024x783.jpg\" alt=\"\" class=\"uag-image-1321\" width=\"1024\" height=\"783\" title=\"\" loading=\"lazy\"\/><div class=\"wp-block-uagb-image--layout-overlay__color-wrapper\"><\/div><div class=\"wp-block-uagb-image--layout-overlay__inner center-center\"><a class=\"wp-block-uagb-image--layout-overlay-link \" href=\"\" target=\"\" rel=\"noopener\"><\/a><figcaption class=\"uagb-image-caption\">Terrasse ext\u00e9rieure avec BBQ, bras\u00e9ro et terrain de p\u00e9tanque<\/figcaption><\/div><\/figure><\/div>\n<\/div>\n<\/div>\n\n\n\n<div class=\"wp-block-uagb-container uagb-block-a37eb01f\">\n<div class=\"wp-block-uagb-container uagb-block-ee257e52\">\n<div class=\"wp-block-uagb-image uagb-block-b8edbd0a wp-block-uagb-image--layout-overlay wp-block-uagb-image--effect-zoomin wp-block-uagb-image--align-none\"><figure class=\"wp-block-uagb-image__figure\"><img decoding=\"async\" srcset=\"https:\/\/www.lebiau.fr\/wp-content\/uploads\/2025\/09\/terrasse-le-biau-3-1024x768.jpg \" sizes=\"auto, (max-width: 480px) 150px\" src=\"https:\/\/www.lebiau.fr\/wp-content\/uploads\/2025\/09\/terrasse-le-biau-3-1024x768.jpg\" alt=\"\" class=\"uag-image-1325\" width=\"1024\" height=\"768\" title=\"\" loading=\"lazy\"\/><div class=\"wp-block-uagb-image--layout-overlay__color-wrapper\"><\/div><div class=\"wp-block-uagb-image--layout-overlay__inner center-center\"><a class=\"wp-block-uagb-image--layout-overlay-link \" href=\"\" target=\"\" rel=\"noopener\"><\/a><figcaption class=\"uagb-image-caption\">6000 m2 d&#8217;espace ext\u00e9rieur<\/figcaption><\/div><\/figure><\/div>\n<\/div>\n\n\n\n<div class=\"wp-block-uagb-container uagb-block-52938bc2\">\n<div class=\"wp-block-uagb-image uagb-block-c278f7ab wp-block-uagb-image--layout-overlay wp-block-uagb-image--effect-zoomin wp-block-uagb-image--align-none\"><figure class=\"wp-block-uagb-image__figure\"><img decoding=\"async\" srcset=\"https:\/\/www.lebiau.fr\/wp-content\/uploads\/2023\/08\/IMG_3156.jpeg \" sizes=\"auto, (max-width: 480px) 150px\" src=\"https:\/\/www.lebiau.fr\/wp-content\/uploads\/2023\/08\/IMG_3156.jpeg\" alt=\"\" class=\"uag-image-1110\" width=\"4032\" height=\"3024\" title=\"\" loading=\"lazy\"\/><div class=\"wp-block-uagb-image--layout-overlay__color-wrapper\"><\/div><div class=\"wp-block-uagb-image--layout-overlay__inner center-center\"><a class=\"wp-block-uagb-image--layout-overlay-link \" href=\"\" target=\"\" rel=\"noopener\"><\/a><\/div><\/figure><\/div>\n<\/div>\n\n\n\n<div class=\"wp-block-uagb-container uagb-block-99dd6590\">\n<div class=\"wp-block-uagb-image uagb-block-2b610dab wp-block-uagb-image--layout-overlay wp-block-uagb-image--effect-zoomin wp-block-uagb-image--align-none\"><figure class=\"wp-block-uagb-image__figure\"><img decoding=\"async\" srcset=\"https:\/\/www.lebiau.fr\/wp-content\/uploads\/2025\/01\/IMG_2872-1024x768.jpg \" sizes=\"auto, (max-width: 480px) 150px\" src=\"https:\/\/www.lebiau.fr\/wp-content\/uploads\/2025\/01\/IMG_2872-1024x768.jpg\" alt=\"\" class=\"uag-image-1302\" width=\"1024\" height=\"768\" title=\"\" loading=\"lazy\"\/><div class=\"wp-block-uagb-image--layout-overlay__color-wrapper\"><\/div><div class=\"wp-block-uagb-image--layout-overlay__inner center-center\"><a class=\"wp-block-uagb-image--layout-overlay-link \" href=\"\" target=\"\" rel=\"noopener\"><\/a><figcaption class=\"uagb-image-caption\">Une grande cuisine ouverte enti\u00e8rement \u00e9quip\u00e9e<\/figcaption><\/div><\/figure><\/div>\n<\/div>\n<\/div>\n<\/div><\/div>\n\n\n\n<div class=\"wp-block-uagb-buttons uagb-buttons__outer-wrap uagb-btn__default-btn uagb-btn-tablet__default-btn uagb-btn-mobile__default-btn uagb-block-c02d7c4c\"><div class=\"uagb-buttons__wrap uagb-buttons-layout-wrap\">\n<div class=\"wp-block-uagb-buttons-child uagb-buttons__outer-wrap uagb-block-0e63c1d2 wp-block-button\"><div class=\"uagb-button__wrapper\"><a class=\"uagb-buttons-repeater wp-block-button__link\" href=\"https:\/\/www.lebiau.fr\/index.php\/services\/\" onclick=\"return true;\" rel=\"follow noopener\" target=\"_self\"><div class=\"uagb-button__link\">services<\/div><\/a><\/div><\/div>\n\n\n\n<div class=\"wp-block-uagb-buttons-child uagb-buttons__outer-wrap uagb-block-4c6adea7 wp-block-button\"><div class=\"uagb-button__wrapper\"><a class=\"uagb-buttons-repeater wp-block-button__link\" href=\"https:\/\/www.lebiau.fr\/index.php\/activites\/\" onclick=\"return true;\" rel=\"follow noopener\" target=\"_self\"><div class=\"uagb-button__link\">activit\u00e9s<\/div><\/a><\/div><\/div>\n\n\n\n<div class=\"wp-block-uagb-buttons-child uagb-buttons__outer-wrap uagb-block-3f93e5a3 wp-block-button\"><div class=\"uagb-button__wrapper\"><a class=\"uagb-buttons-repeater wp-block-button__link\" href=\"https:\/\/www.lebiau.fr\/index.php\/about\/\" onclick=\"return true;\" rel=\"follow noopener\" target=\"_self\"><div class=\"uagb-button__link\">d\u00e9tails du g\u00eete<\/div><\/a><\/div><\/div>\n\n\n\n<div class=\"wp-block-uagb-buttons-child uagb-buttons__outer-wrap uagb-block-28ed8160 wp-block-button\"><div class=\"uagb-button__wrapper\"><a class=\"uagb-buttons-repeater wp-block-button__link\" href=\"https:\/\/www.lebiau.fr\/index.php\/about\/#tarifs\" onclick=\"return true;\" rel=\"follow noopener\" target=\"_self\"><div class=\"uagb-button__link\">tarifs<\/div><\/a><\/div><\/div>\n<\/div><\/div>\n\n\n\n<p><\/p>\n","protected":false},"excerpt":{"rendered":"<p>Un v\u00e9ritable paradis champ\u00eatre Cette magnifique maison de vacances de 560m\u00b2, enti\u00e8rement r\u00e9nov\u00e9e, vous offre une exp\u00e9rience d\u2019exception&nbsp;!D\u00e8s que vous franchirez les portes de cette demeure, vous serez imm\u00e9diatement s\u00e9duit par son charme et son raffinement. Les espaces de vie spacieux et \u00e9l\u00e9gamment d\u00e9cor\u00e9s vous invitent \u00e0 vous d\u00e9tendre et \u00e0 profiter de moments pr\u00e9cieux &hellip;<\/p>\n<p class=\"read-more\"> <a class=\"\" href=\"https:\/\/www.lebiau.fr\/\"> <span class=\"screen-reader-text\">Accueil<\/span> Lire la suite\u00a0\u00bb<\/a><\/p>\n","protected":false},"author":1,"featured_media":897,"parent":0,"menu_order":0,"comment_status":"closed","ping_status":"closed","template":"","meta":{"om_disable_all_campaigns":false,"_uag_custom_page_level_css":"","_monsterinsights_skip_tracking":false,"_monsterinsights_sitenote_active":false,"_monsterinsights_sitenote_note":"","_monsterinsights_sitenote_category":0,"site-sidebar-layout":"no-sidebar","site-content-layout":"plain-container","ast-global-header-display":"","ast-banner-title-visibility":"","ast-main-header-display":"","ast-hfb-above-header-display":"","ast-hfb-below-header-display":"","ast-hfb-mobile-header-display":"","site-post-title":"disabled","ast-breadcrumbs-content":"","ast-featured-img":"disabled","footer-sml-layout":"","theme-transparent-header-meta":"enabled","adv-header-id-meta":"","stick-header-meta":"","header-above-stick-meta":"","header-main-stick-meta":"","header-below-stick-meta":"","footnotes":""},"class_list":["post-217","page","type-page","status-publish","has-post-thumbnail","hentry"],"aioseo_notices":[],"uagb_featured_image_src":{"full":["https:\/\/www.lebiau.fr\/wp-content\/uploads\/2023\/07\/353641061_100590116409754_1960750633233269117_n.jpg",1536,1536,false],"thumbnail":["https:\/\/www.lebiau.fr\/wp-content\/uploads\/2023\/07\/353641061_100590116409754_1960750633233269117_n-150x150.jpg",150,150,true],"medium":["https:\/\/www.lebiau.fr\/wp-content\/uploads\/2023\/07\/353641061_100590116409754_1960750633233269117_n-300x300.jpg",300,300,true],"medium_large":["https:\/\/www.lebiau.fr\/wp-content\/uploads\/2023\/07\/353641061_100590116409754_1960750633233269117_n-768x768.jpg",768,768,true],"large":["https:\/\/www.lebiau.fr\/wp-content\/uploads\/2023\/07\/353641061_100590116409754_1960750633233269117_n-1024x1024.jpg",1024,1024,true],"1536x1536":["https:\/\/www.lebiau.fr\/wp-content\/uploads\/2023\/07\/353641061_100590116409754_1960750633233269117_n.jpg",1536,1536,false],"2048x2048":["https:\/\/www.lebiau.fr\/wp-content\/uploads\/2023\/07\/353641061_100590116409754_1960750633233269117_n.jpg",1536,1536,false]},"uagb_author_info":{"display_name":"admin5329","author_link":"https:\/\/www.lebiau.fr\/index.php\/author\/admin5329\/"},"uagb_comment_info":0,"uagb_excerpt":"Un v\u00e9ritable paradis champ\u00eatre Cette magnifique maison de vacances de 560m\u00b2, enti\u00e8rement r\u00e9nov\u00e9e, vous offre une exp\u00e9rience d\u2019exception&nbsp;!D\u00e8s que vous franchirez les portes de cette demeure, vous serez imm\u00e9diatement s\u00e9duit par son charme et son raffinement. Les espaces de vie spacieux et \u00e9l\u00e9gamment d\u00e9cor\u00e9s vous invitent \u00e0 vous d\u00e9tendre et \u00e0 profiter de moments pr\u00e9cieux\u2026","_links":{"self":[{"href":"https:\/\/www.lebiau.fr\/index.php\/wp-json\/wp\/v2\/pages\/217","targetHints":{"allow":["GET"]}}],"collection":[{"href":"https:\/\/www.lebiau.fr\/index.php\/wp-json\/wp\/v2\/pages"}],"about":[{"href":"https:\/\/www.lebiau.fr\/index.php\/wp-json\/wp\/v2\/types\/page"}],"author":[{"embeddable":true,"href":"https:\/\/www.lebiau.fr\/index.php\/wp-json\/wp\/v2\/users\/1"}],"replies":[{"embeddable":true,"href":"https:\/\/www.lebiau.fr\/index.php\/wp-json\/wp\/v2\/comments?post=217"}],"version-history":[{"count":55,"href":"https:\/\/www.lebiau.fr\/index.php\/wp-json\/wp\/v2\/pages\/217\/revisions"}],"predecessor-version":[{"id":1341,"href":"https:\/\/www.lebiau.fr\/index.php\/wp-json\/wp\/v2\/pages\/217\/revisions\/1341"}],"wp:featuredmedia":[{"embeddable":true,"href":"https:\/\/www.lebiau.fr\/index.php\/wp-json\/wp\/v2\/media\/897"}],"wp:attachment":[{"href":"https:\/\/www.lebiau.fr\/index.php\/wp-json\/wp\/v2\/media?parent=217"}],"curies":[{"name":"wp","href":"https:\/\/api.w.org\/{rel}","templated":true}]}}